{"id":8,"date":"2024-07-06T07:41:41","date_gmt":"2024-07-06T07:41:41","guid":{"rendered":"https:\/\/aainmotion.com\/?page_id=8"},"modified":"2024-07-17T19:28:41","modified_gmt":"2024-07-17T19:28:41","slug":"inicio","status":"publish","type":"page","link":"https:\/\/aainmotion.com\/","title":{"rendered":"Inicio"},"content":{"rendered":"<div id=\"home\" class=\"route bg-image owl-carousel owl-theme curve\">\r\n    <div><img decoding=\"async\" class=\"img-fluid size-full\" src=\"https:\/\/aainmotion.com\/wp-content\/uploads\/2024\/07\/splash-1_red.jpg\" alt=\"\" \/>\r\n        \r\n            <div class=\"text-white display-3 slider-overlay\">\r\n                <div class=\"container\">Slogan o intro<\/div>\r\n            <\/div>\r\n        \r\n    <\/div>\r\n    <div><img decoding=\"async\" class=\"img-fluid size-full\" src=\"https:\/\/aainmotion.com\/wp-content\/uploads\/2024\/07\/splash-1_red.jpg\" alt=\"\" \/>\r\n        \r\n            <div class=\"text-white display-3 slider-overlay\">\r\n                <div class=\"container\">Slogan o intro<\/div>\r\n            <\/div>\r\n        \r\n    <\/div>\r\n    <div><img decoding=\"async\" class=\"img-fluid size-full\" src=\"https:\/\/aainmotion.com\/wp-content\/uploads\/2024\/07\/splash-1_red.jpg\" alt=\"\" \/>\r\n        \r\n            <div class=\"text-white display-3 slider-overlay\">\r\n                <div class=\"container\">Slogan o intro<\/div>\r\n            <\/div>\r\n        \r\n    <\/div>\r\n<\/div>\r\n<section id=\"about\" class=\"about-mf sect-pt4 route\">\r\n    <div class=\"container\">\r\n        <div class=\"row\">\r\n            <div class=\"col-12 col-md-6 order-2 order-md-1\">\r\n                <h5 class=\"title-center text-center title-bold title-red mt-3\">NOSOTROS<\/h5>\r\n                <p class=\"text-justify\">En nuestro equipo, la pasi\u00f3n por la innovaci\u00f3n y la excelencia nos impulsa a superar constantemente los l\u00edmites. Somos un grupo de mentes creativas que se unen para dar vida a ideas extraordinarias y llevarlas al siguiente nivel. En el coraz\u00f3n de nuestra filosof\u00eda est\u00e1 la creencia de que cada proyecto es una oportunidad \u00fanica para crear algo impactante y memorable.<\/p>\r\n\r\n                <p class=\"text-justify\">Ponemos nuestra inspiraci\u00f3n y pasi\u00f3n para generar ideas y soluciones audiovisuales que permitan a nuestros aliados comerciales consolidar sus objetivos en comunicaci\u00f3n.<\/p>\r\n\r\n            <\/div>\r\n            <div class=\"col-12 col-md-6 order-1 order-md-2\"><img decoding=\"async\" id=\"nosotros-img\" class=\"img-fluid\" src=\"https:\/\/aainmotion.com\/wp-content\/uploads\/2024\/07\/nosotros.jpg\" \/><\/div>\r\n        <\/div>\r\n    <\/div>\r\n<\/section><section class=\"sect-pt4\">\r\n    <div class=\"bg-gray pt-5 pb-5 bg-image-fit\" style=\"background-image: url('https:\/\/aainmotion.com\/wp-content\/uploads\/2024\/07\/bg-gray.jpg');\">\r\n        <div class=\"container\">\r\n            <div class=\"row\">\r\n                <div class=\"col-12\">\r\n                    <div class=\"w-100 text-center\"><span class=\"text-center\">Creative Director<\/span><\/div>\r\n                    <h5 class=\"title-center text-center title-bold title-red mt-3\">Azeneth Alvarez<\/h5>\r\n                    <div class=\"w-100 text-center\"><img decoding=\"async\" class=\"img-fluid d-inline d-md-none\" src=\"https:\/\/aainmotion.com\/wp-content\/uploads\/2024\/07\/director-creativo_vertical.png\" \/>\r\n                        <img decoding=\"async\" class=\"img-fluid d-none d-md-inline\" src=\"https:\/\/aainmotion.com\/wp-content\/uploads\/2024\/07\/director-creativo_v2.png\" \/><\/div>\r\n                    <p class=\"pt-3 text-justify\">Azeneth Alvarez con una mente inquieta y un esp\u00edritu innovador, se ha destacado como una creativa arquitecta de ideas que transforma conceptos en narrativas audiovisuales.<\/p>\r\n                    <p class=\"text-justify\">Con una s\u00f3lida formaci\u00f3n en el area de la comunicaci\u00f3n y m\u00e1s de 20 a\u00f1os de experiencia en la industria, Azeneth fusiona la destreza t\u00e9cnica con la intuici\u00f3n creativa. Su enfoque va m\u00e1s all\u00e1 de la est\u00e9tica visual; se sumerge en la esencia misma de la comunicaci\u00f3n, buscando entender no solo c\u00f3mo se ve, sino tambi\u00e9n c\u00f3mo se siente y resuena en el coraz\u00f3n de la audiencia.<\/p>\r\n\r\n                <\/div>\r\n            <\/div>\r\n        <\/div>\r\n    <\/div>\r\n<\/section><section id=\"solutions\" class=\"services-mf route bg-image-fit\" style=\"background-image: url('https:\/\/aainmotion.com\/wp-content\/uploads\/2024\/07\/bg-red.jpg');\">\r\n    <div class=\"container\">\r\n        <div class=\"row\">\r\n            <div class=\"col-12\">\r\n                <div class=\"w-100 text-center\"><img decoding=\"async\" class=\"img-fluid\" style=\"max-width: 350px;\" src=\"https:\/\/aainmotion.com\/wp-content\/uploads\/2024\/07\/aainmtion_white.png\" \/><\/div>\r\n            <\/div>\r\n            <div class=\"col-12\">\r\n                <ul class=\"solutions-list mb-5 mt-3\">\r\n                    <li>Consultoria Creativa<\/li>\r\n                    <li>Producci\u00f3n Audiovisual<\/li>\r\n                    <li>Edici\u00f3n y Postproducci\u00f3n<\/li>\r\n                    <li>Desarrollo de Visuales<\/li>\r\n                    <li>Branding y Dise\u00f1o<\/li>\r\n                    <li>Digital Marketing<\/li>\r\n                    <li>Streaming<\/li>\r\n                    <li>Dise\u00f1o Web<\/li>\r\n                <\/ul>\r\n            <\/div>\r\n            <div class=\"col-12\">\r\n                <div class=\"solution-cards row\">\r\n                    <div class=\"solution-card\"><a href=\"https:\/\/aainmotion.com\/wp-content\/uploads\/2024\/07\/services_1.jpg\"><img loading=\"lazy\" decoding=\"async\" width=\"250\" height=\"187\" class=\"alignnone size-medium wp-image-51\" src=\"https:\/\/aainmotion.com\/wp-content\/uploads\/2024\/07\/services_1-250x187.jpg\" alt=\"\" srcset=\"https:\/\/aainmotion.com\/wp-content\/uploads\/2024\/07\/services_1-250x187.jpg 250w, https:\/\/aainmotion.com\/wp-content\/uploads\/2024\/07\/services_1-700x524.jpg 700w, https:\/\/aainmotion.com\/wp-content\/uploads\/2024\/07\/services_1-768x575.jpg 768w, https:\/\/aainmotion.com\/wp-content\/uploads\/2024\/07\/services_1-120x90.jpg 120w, https:\/\/aainmotion.com\/wp-content\/uploads\/2024\/07\/services_1.jpg 1024w\" sizes=\"auto, (max-width: 250px) 100vw, 250px\" \/><\/a><\/div>\r\n                    <div class=\"solution-card\"><a href=\"https:\/\/aainmotion.com\/wp-content\/uploads\/2024\/07\/services_2.jpg\"><img decoding=\"async\" class=\"alignnone size-medium wp-image-51\" src=\"https:\/\/aainmotion.com\/wp-content\/uploads\/2024\/07\/services_2-250x187.jpg\" alt=\"\" \/><\/a><\/div>\r\n                    <div class=\"solution-card\"><a href=\"https:\/\/aainmotion.com\/wp-content\/uploads\/2024\/07\/services_3.jpg\"><img decoding=\"async\" class=\"alignnone size-medium wp-image-51\" src=\"https:\/\/aainmotion.com\/wp-content\/uploads\/2024\/07\/services_3-250x187.jpg\" alt=\"\" \/><\/a><\/div>\r\n                    <div class=\"solution-card\"><a href=\"https:\/\/aainmotion.com\/wp-content\/uploads\/2024\/07\/services_4.jpg\"><img decoding=\"async\" class=\"alignnone size-medium wp-image-51\" src=\"https:\/\/aainmotion.com\/wp-content\/uploads\/2024\/07\/services_4-250x187.jpg\" alt=\"\" \/><\/a><\/div>\r\n                <\/div>\r\n            <\/div>\r\n        <\/div>\r\n    <\/div>\r\n<\/section><section id=\"blog\" class=\"blog-mf sect-pt4 route\">\r\n    <div class=\"container\">\r\n        <div class=\"row\">\r\n            <div class=\"col-12\">\r\n                <div class=\"\">\r\n                    <h3 class=\"title-red text-bold text-center\">Blog<\/h3>\r\n                    <p class=\"text-justify\">Desde nuestro \u201cHeadquarter\u201d compartiremos contigo\r\n                    Algunas de nuestras experiencias con clientes, campa\u00f1as\r\n                    Y hacks de producci\u00f3n. <a class=\"\" href=\"blog\/\">Ver todo&#8230;<\/a>\r\n                    <\/p>\r\n                <\/div>\r\n            <\/div>\r\n        <\/div>\r\n        <div class=\"row\">  \n<div id=\"post-73\" class=\"post hentry ivycat-post col-12 mb-3\">\n    <div class=\"card card-full-blog\">\n                \n        <div class=\"card-body\">\n            <div class=\"post-date\">  \n                <time datetime=\"2024-07-12T22:06:11+00:00\" itemprop=\"datePublished\">julio 12, 2024<\/time>\n            <\/div>\n            <h3 class=\"card-title\"><a href=\"https:\/\/aainmotion.com\/index.php\/2024\/07\/12\/ejemplo-sin-foto\/\">ejemplo sin foto<\/a><\/h3>\n            <div class=\"entry-summary card-description\">\n                ejemplo del texto de la publicaci\u00f3n. lalala            <\/div>\n                         \n        <\/div> \n        \n        <div class=\"card-footer\">\n            <a href=\"https:\/\/aainmotion.com\/index.php\/2024\/07\/12\/ejemplo-sin-foto\/\" class=\"read-more rounded-circle d-inline-flex justify-content-center align-items-center p-3\">\n                <svg xmlns=\"http:\/\/www.w3.org\/2000\/svg\" width=\"30\" height=\"30\" fill=\"currentColor\" class=\"bi bi-chevron-right\" viewBox=\"0 0 16 16\">\n                  <path fill-rule=\"evenodd\" d=\"M4.646 1.646a.5.5 0 0 1 .708 0l6 6a.5.5 0 0 1 0 .708l-6 6a.5.5 0 0 1-.708-.708L10.293 8 4.646 2.354a.5.5 0 0 1 0-.708\"\/>\n                <\/svg> \n            <\/a>\n        <\/div>\n    <\/div>\n<\/div>  \n<div id=\"post-66\" class=\"post hentry ivycat-post col-12 mb-3\">\n    <div class=\"card card-full-blog\">\n         \n        <div class=\"img-thumbnail rounded-0 m-3 border-0 p-0\"> \n            <a href=\"https:\/\/aainmotion.com\/index.php\/2024\/07\/11\/ejemplo-de-publicacion\/\"><img decoding=\"async\" src=\"https:\/\/aainmotion.com\/wp-content\/uploads\/2024\/07\/headquater.jpg\" class=\"img-fluid wp-post-image\" alt=\"\" srcset=\"https:\/\/aainmotion.com\/wp-content\/uploads\/2024\/07\/headquater.jpg 1024w, https:\/\/aainmotion.com\/wp-content\/uploads\/2024\/07\/headquater-250x188.jpg 250w, https:\/\/aainmotion.com\/wp-content\/uploads\/2024\/07\/headquater-700x525.jpg 700w, https:\/\/aainmotion.com\/wp-content\/uploads\/2024\/07\/headquater-768x576.jpg 768w, https:\/\/aainmotion.com\/wp-content\/uploads\/2024\/07\/headquater-120x90.jpg 120w\" sizes=\"(max-width: 1024px) 100vw, 1024px\" \/><\/a>\n        <\/div>\n                \n        <div class=\"card-body\">\n            <div class=\"post-date\">  \n                <time datetime=\"2024-07-11T22:04:44+00:00\" itemprop=\"datePublished\">julio 11, 2024<\/time>\n            <\/div>\n            <h3 class=\"card-title\"><a href=\"https:\/\/aainmotion.com\/index.php\/2024\/07\/11\/ejemplo-de-publicacion\/\">ejemplo de publicaci\u00f3n<\/a><\/h3>\n            <div class=\"entry-summary card-description\">\n                ejemplo del texto del post en este p\u00e1rrafo. Suspendisse ac ex et libero rhoncus bibendum a eu massa. Nullam dui&#8230; <a class=\"view-article\" href=\"https:\/\/aainmotion.com\/index.php\/2024\/07\/11\/ejemplo-de-publicacion\/\">Ver art\u00edculo<\/a>            <\/div>\n                         \n        <\/div> \n        \n        <div class=\"card-footer\">\n            <a href=\"https:\/\/aainmotion.com\/index.php\/2024\/07\/11\/ejemplo-de-publicacion\/\" class=\"read-more rounded-circle d-inline-flex justify-content-center align-items-center p-3\">\n                <svg xmlns=\"http:\/\/www.w3.org\/2000\/svg\" width=\"30\" height=\"30\" fill=\"currentColor\" class=\"bi bi-chevron-right\" viewBox=\"0 0 16 16\">\n                  <path fill-rule=\"evenodd\" d=\"M4.646 1.646a.5.5 0 0 1 .708 0l6 6a.5.5 0 0 1 0 .708l-6 6a.5.5 0 0 1-.708-.708L10.293 8 4.646 2.354a.5.5 0 0 1 0-.708\"\/>\n                <\/svg> \n            <\/a>\n        <\/div>\n    <\/div>\n<\/div>\r\n            <\/div>\r\n    <\/div>\r\n<\/section>\r\n\r\n<section id=\"instagram\" class=\"\">\r\n    <div class=\"container\">\r\n        <div class=\"row\">\r\n            <div class=\"col-sm-12\">\r\n                <div class=\"wp-block-elfsight-instagram-feed\" data-widget-id=\"bccc3815-ab04-4ad4-a17e-50983a2345d7\"><div class=\"elfsight-app-bccc3815-ab04-4ad4-a17e-50983a2345d7\"><\/div><\/div>\r\n            <\/div>\r\n        <\/div>\r\n    <\/div>\r\n<\/section>\r\n\r\n<section class=\"bg-dark-red py-5\" style=\"background-image:url('https:\/\/aainmotion.com\/wp-content\/uploads\/2024\/07\/bg-contact.png');background-position: center;\"><!--\r\n<div class=\"overlay-mf\"><\/div>\r\n-->\r\n    <div class=\"container\">\r\n        <div class=\"row\">\r\n            <div class=\"col-12\">\r\n                <h5 class=\"text-center text-bold text-white\">Cont\u00e1cto<\/h5>\r\n            <\/div>\r\n            <div class=\"col-12\">\n<div class=\"wpcf7 no-js\" id=\"wpcf7-f77-o1\" lang=\"es-ES\" dir=\"ltr\" data-wpcf7-id=\"77\">\n<div class=\"screen-reader-response\"><p role=\"status\" aria-live=\"polite\" aria-atomic=\"true\"><\/p> <ul><\/ul><\/div>\n<form action=\"\/index.php\/wp-json\/wp\/v2\/pages\/8#wpcf7-f77-o1\" method=\"post\" class=\"wpcf7-form init\" aria-label=\"Formulario de contacto\" novalidate=\"novalidate\" data-status=\"init\">\n<div style=\"display: none;\">\n<input type=\"hidden\" name=\"_wpcf7\" value=\"77\" \/>\n<input type=\"hidden\" name=\"_wpcf7_version\" value=\"6.0.3\" \/>\n<input type=\"hidden\" name=\"_wpcf7_locale\" value=\"es_ES\" \/>\n<input type=\"hidden\" name=\"_wpcf7_unit_tag\" value=\"wpcf7-f77-o1\" \/>\n<input type=\"hidden\" name=\"_wpcf7_container_post\" value=\"0\" \/>\n<input type=\"hidden\" name=\"_wpcf7_posted_data_hash\" value=\"\" \/>\n<\/div>\n<div class=\"row\">\n\t<div class=\"col-12 col-md-4\">\n\t\t<p><span class=\"wpcf7-form-control-wrap\" data-name=\"your-name\"><input size=\"40\" maxlength=\"400\" class=\"wpcf7-form-control wpcf7-text wpcf7-validates-as-required\" autocomplete=\"name\" aria-required=\"true\" aria-invalid=\"false\" placeholder=\"nombre\" value=\"\" type=\"text\" name=\"your-name\" \/><\/span>\n\t\t<\/p>\n\t<\/div>\n\t<div class=\"col-12 col-md-4\">\n\t\t<p><span class=\"wpcf7-form-control-wrap\" data-name=\"your-email\"><input size=\"40\" maxlength=\"400\" class=\"wpcf7-form-control wpcf7-email wpcf7-validates-as-required wpcf7-text wpcf7-validates-as-email\" autocomplete=\"email\" aria-required=\"true\" aria-invalid=\"false\" placeholder=\"mail\" value=\"\" type=\"email\" name=\"your-email\" \/><\/span>\n\t\t<\/p>\n\t<\/div>\n\t<div class=\"col-12 col-md-4\">\n\t\t<p><span class=\"wpcf7-form-control-wrap\" data-name=\"tel-978\"><input size=\"40\" maxlength=\"400\" class=\"wpcf7-form-control wpcf7-tel wpcf7-validates-as-required wpcf7-text wpcf7-validates-as-tel\" aria-required=\"true\" aria-invalid=\"false\" placeholder=\"Tel\" value=\"\" type=\"tel\" name=\"tel-978\" \/><\/span>\n\t\t<\/p>\n\t<\/div>\n\t<div class=\"col-12\">\n\t\t<p><span class=\"wpcf7-form-control-wrap\" data-name=\"your-subject\"><input size=\"40\" maxlength=\"400\" class=\"wpcf7-form-control wpcf7-text wpcf7-validates-as-required\" aria-required=\"true\" aria-invalid=\"false\" placeholder=\"Asunto\" value=\"\" type=\"text\" name=\"your-subject\" \/><\/span>\n\t\t<\/p>\n\t<\/div>\n\t<div class=\"col-12\">\n\t\t<p><span class=\"wpcf7-form-control-wrap\" data-name=\"your-message\"><textarea cols=\"40\" rows=\"10\" maxlength=\"2000\" class=\"wpcf7-form-control wpcf7-textarea\" aria-invalid=\"false\" placeholder=\"Mensaje\" name=\"your-message\"><\/textarea><\/span>\n\t\t<\/p>\n\t<\/div>\n\t<div class=\"col-12\">\n\t\t<p><input class=\"wpcf7-form-control wpcf7-submit has-spinner w-100 btn btn-light\" type=\"submit\" value=\"Enviar\" \/>\n\t\t<\/p>\n\t<\/div>\n<\/div><div class=\"wpcf7-response-output\" aria-hidden=\"true\"><\/div>\n<\/form>\n<\/div>\n<\/div>\r\n            <div class=\"col-12\">\r\n                <div class=\"text-white text-center icons-socials\">\r\n                    <a href=\"https:\/\/www.facebook.com\/aainmotion\" target=\"_blank\" rel=\"noopener\" class=\"text-white\"><i class=\"fa fa-facebook-square\" aria-hidden=\"true\"><\/i> AAINMOTION<\/a> <span class=\"mx-3\">|<\/span> <a href=\"https:\/\/www.instagram.com\/aainmotion\/\" target=\"_blank\" rel=\"noopener\" class=\"text-white\"><i class=\"fa fa-instagram\" aria-hidden=\"true\"><\/i> @aainmotion<\/a>\r\n                <\/div>\r\n            <\/div>\r\n        <\/div>\r\n    <\/div>\r\n<\/section>","protected":false},"excerpt":{"rendered":"Slogan o intro Slogan o intro Slogan o intro NOSOTROS En nuestro equipo, la pasi\u00f3n por la innovaci\u00f3n y la&#8230; <a class=\"view-article\" href=\"https:\/\/aainmotion.com\/index.php\/2024\/07\/11\/ejemplo-de-publicacion\/\">Ver art\u00edculo<\/a>","protected":false},"author":1,"featured_media":0,"parent":0,"menu_order":0,"comment_status":"closed","ping_status":"closed","template":"page-nosidebar.php","meta":{"footnotes":""},"class_list":["post-8","page","type-page","status-publish","hentry"],"_links":{"self":[{"href":"https:\/\/aainmotion.com\/index.php\/wp-json\/wp\/v2\/pages\/8","targetHints":{"allow":["GET"]}}],"collection":[{"href":"https:\/\/aainmotion.com\/index.php\/wp-json\/wp\/v2\/pages"}],"about":[{"href":"https:\/\/aainmotion.com\/index.php\/wp-json\/wp\/v2\/types\/page"}],"author":[{"embeddable":true,"href":"https:\/\/aainmotion.com\/index.php\/wp-json\/wp\/v2\/users\/1"}],"replies":[{"embeddable":true,"href":"https:\/\/aainmotion.com\/index.php\/wp-json\/wp\/v2\/comments?post=8"}],"version-history":[{"count":81,"href":"https:\/\/aainmotion.com\/index.php\/wp-json\/wp\/v2\/pages\/8\/revisions"}],"predecessor-version":[{"id":126,"href":"https:\/\/aainmotion.com\/index.php\/wp-json\/wp\/v2\/pages\/8\/revisions\/126"}],"wp:attachment":[{"href":"https:\/\/aainmotion.com\/index.php\/wp-json\/wp\/v2\/media?parent=8"}],"curies":[{"name":"wp","href":"https:\/\/api.w.org\/{rel}","templated":true}]}}